{"id":23781,"date":"2020-10-26T13:23:52","date_gmt":"2020-10-26T20:23:52","guid":{"rendered":"https:\/\/gmsmobility.com\/por-que-gms\/"},"modified":"2026-02-10T11:58:42","modified_gmt":"2026-02-10T19:58:42","slug":"por-que-gms","status":"publish","type":"page","link":"https:\/\/gmsmobility.com\/es\/por-que-gms\/","title":{"rendered":"\u00bfPor qu\u00e9 GMS?"},"content":{"rendered":"\t\t<div data-elementor-type=\"wp-page\" data-elementor-id=\"23781\" class=\"elementor elementor-23781\" data-elementor-post-type=\"page\">\n\t\t\t\t\t\t<section class=\"has_eae_slider elementor-section elementor-top-section elementor-element elementor-element-371c1004 elementor-section-height-min-height elementor-section-boxed elementor-section-height-default elementor-section-items-middle\" data-eae-slider=\"42298\" data-id=\"371c1004\" data-element_type=\"section\" data-e-type=\"section\" data-settings=\"{&quot;background_background&quot;:&quot;classic&quot;}\">\n\t\t\t\t\t\t\t<div class=\"elementor-background-overlay\"><\/div>\n\t\t\t\t\t\t\t<div class=\"elementor-container elementor-column-gap-default\">\n\t\t\t\t\t<div class=\"has_eae_slider elementor-column elementor-col-100 elementor-top-column elementor-element elementor-element-58290453\" data-eae-slider=\"56327\" data-id=\"58290453\" data-element_type=\"column\" data-e-type=\"column\">\n\t\t\t<div class=\"elementor-widget-wrap elementor-element-populated\">\n\t\t\t\t\t\t<div class=\"elementor-element elementor-element-60936487 elementor-widget elementor-widget-heading\" data-id=\"60936487\" data-element_type=\"widget\" data-e-type=\"widget\" data-widget_type=\"heading.default\">\n\t\t\t\t<div class=\"elementor-widget-container\">\n\t\t\t\t\t<h1 class=\"elementor-heading-title elementor-size-large\">\u00bfPor qu\u00e9 Global Mobility Solutions?<\/h1>\t\t\t\t<\/div>\n\t\t\t\t<\/div>\n\t\t\t\t\t<\/div>\n\t\t<\/div>\n\t\t\t\t\t<\/div>\n\t\t<\/section>\n\t\t\t\t<section class=\"has_eae_slider elementor-section elementor-top-section elementor-element elementor-element-2d9ab899 elementor-section-height-min-height elementor-section-content-middle elementor-section-boxed elementor-section-height-default elementor-section-items-middle\" data-eae-slider=\"67105\" data-id=\"2d9ab899\" data-element_type=\"section\" data-e-type=\"section\" data-settings=\"{&quot;background_background&quot;:&quot;classic&quot;}\">\n\t\t\t\t\t\t\t<div class=\"elementor-background-overlay\"><\/div>\n\t\t\t\t\t\t\t<div class=\"elementor-container elementor-column-gap-default\">\n\t\t\t\t\t<div class=\"has_eae_slider elementor-column elementor-col-100 elementor-top-column elementor-element elementor-element-de58c98\" data-eae-slider=\"24206\" data-id=\"de58c98\" data-element_type=\"column\" data-e-type=\"column\">\n\t\t\t<div class=\"elementor-widget-wrap elementor-element-populated\">\n\t\t\t\t\t\t<div class=\"elementor-element elementor-element-3e9ff604 elementor-widget elementor-widget-heading\" data-id=\"3e9ff604\" data-element_type=\"widget\" data-e-type=\"widget\" data-widget_type=\"heading.default\">\n\t\t\t\t<div class=\"elementor-widget-container\">\n\t\t\t\t\t<h2 class=\"elementor-heading-title elementor-size-default\">Modelo de negocio GMS\n<\/h2>\t\t\t\t<\/div>\n\t\t\t\t<\/div>\n\t\t\t\t<div class=\"elementor-element elementor-element-6f2949b9 elementor-widget elementor-widget-text-editor\" data-id=\"6f2949b9\" data-element_type=\"widget\" data-e-type=\"widget\" data-widget_type=\"text-editor.default\">\n\t\t\t\t<div class=\"elementor-widget-container\">\n\t\t\t\t\t\t\t\t\t<div class=\"page-section__generator page-section__generator--top g12-xs g11-md g10-lg g8-xl\"><div class=\"page-generator__text page-generator__text--top js-generator-text\"><div id=\"output\" class=\"page-generator__output js-generator-output\"><p>Los clientes eligen el modelo de negocio de Global Mobility Solutions porque se basa en ofrecer a nuestros clientes y a sus trasladados la libertad de elegir. Esto significa que nuestros clientes tienen la opci\u00f3n de trabajar con los mejores proveedores de servicios del mundo. GMS puede ofrecer este modelo \u00fanico en el sector porque, a diferencia de la mayor\u00eda de las empresas de reubicaci\u00f3n, no somos propiedad de ni estamos afiliados a ning\u00fan proveedor de servicios <a href=\"https:\/\/gmsmobility.com\/corporate-relocation\/knowledge-base\/best-practice-multiple-bids-mortgage\/\">inmobiliarios<\/a>, de <a href=\"https:\/\/gmsmobility.com\/corporate-relocation\/knowledge-base\/relocation-best-practices\/\">art\u00edculos dom\u00e9sticos<\/a> ni de terceros. GMS ha logrado establecer s\u00f3lidas relaciones con los mejores proveedores del mundo, que act\u00faan como una extensi\u00f3n de GMS. Nuestra red mundial de socios nos permite ser flexibles y, al mismo tiempo, ofrecer a nuestros clientes un asesor sobre el terreno en tiempo real que les ayude con las necesidades cotidianas de la persona y de la familia que se trasladan.<\/p><\/div><\/div><\/div>\t\t\t\t\t\t\t\t<\/div>\n\t\t\t\t<\/div>\n\t\t\t\t<div class=\"elementor-element elementor-element-5072fb3 elementor-widget elementor-widget-heading\" data-id=\"5072fb3\" data-element_type=\"widget\" data-e-type=\"widget\" data-widget_type=\"heading.default\">\n\t\t\t\t<div class=\"elementor-widget-container\">\n\t\t\t\t\t<h2 class=\"elementor-heading-title elementor-size-default\">Soluciones a medida\n<\/h2>\t\t\t\t<\/div>\n\t\t\t\t<\/div>\n\t\t\t\t<div class=\"elementor-element elementor-element-9503dc6 elementor-widget elementor-widget-text-editor\" data-id=\"9503dc6\" data-element_type=\"widget\" data-e-type=\"widget\" data-widget_type=\"text-editor.default\">\n\t\t\t\t<div class=\"elementor-widget-container\">\n\t\t\t\t\t\t\t\t\t<div class=\"page-section__generator page-section__generator--top g12-xs g11-md g10-lg g8-xl\"><div class=\"page-generator__text page-generator__text--top js-generator-text\"><div id=\"output\" class=\"page-generator__output js-generator-output\"><p>Freedom of Choice\u2122 significa que puede utilizar proveedores de nuestra red establecida o que podemos asociarnos con cualquier proveedor preferido con el que ya trabaje. GMS ofrece a nuestros clientes opciones de servicio flexibles. Los clientes pueden elegir los servicios que desean ofrecer a los empleados que se trasladan. Esto ha demostrado ser rentable para las pol\u00edticas formales de reubicaci\u00f3n, pero tambi\u00e9n permite a los clientes utilizar los servicios caso por caso.<\/p><\/div><\/div><\/div>\t\t\t\t\t\t\t\t<\/div>\n\t\t\t\t<\/div>\n\t\t\t\t<div class=\"elementor-element elementor-element-4879bdf elementor-widget elementor-widget-heading\" data-id=\"4879bdf\" data-element_type=\"widget\" data-e-type=\"widget\" data-widget_type=\"heading.default\">\n\t\t\t\t<div class=\"elementor-widget-container\">\n\t\t\t\t\t<h2 class=\"elementor-heading-title elementor-size-default\">Ahorro de costes\n<\/h2>\t\t\t\t<\/div>\n\t\t\t\t<\/div>\n\t\t\t\t<div class=\"elementor-element elementor-element-a3d9398 elementor-widget elementor-widget-text-editor\" data-id=\"a3d9398\" data-element_type=\"widget\" data-e-type=\"widget\" data-widget_type=\"text-editor.default\">\n\t\t\t\t<div class=\"elementor-widget-container\">\n\t\t\t\t\t\t\t\t\t<div class=\"page-section__generator page-section__generator--top g12-xs g11-md g10-lg g8-xl\">\n<div class=\"page-generator__text page-generator__text--top js-generator-text\">\n<div id=\"output\" class=\"page-generator__output js-generator-output\">\n<p>GMS es capaz de proporcionar a nuestros clientes importantes <a href=\"https:\/\/gmsmobility.com\/corporate-relocation\/knowledge-base\/managing-mobility-costs\/\">ahorros de costes<\/a> gracias a las relaciones que mantenemos con nuestra red de proveedores y a nuestro Programa de Predecisi\u00f3n. Al intervenir en una fase muy temprana del proceso de reubicaci\u00f3n, antes de que se tome la decisi\u00f3n final de mudarse, GMS puede ayudar a sus clientes a reducir el n\u00famero de reubicaciones fallidas, aumentar los ratios de aceptaci\u00f3n de trabajo, proporcionar un presupuesto exacto a partir del cual trabajar, eliminar el riesgo de no aceptaci\u00f3n por parte del cesionario, descubrir cualquier posible problema de venta de la vivienda, agilizar los viajes de b\u00fasqueda de vivienda y minimizar las excepciones a las p\u00f3lizas.<\/p>\n<\/div>\n<\/div>\n<\/div>\n\t\t\t\t\t\t\t\t<\/div>\n\t\t\t\t<\/div>\n\t\t\t\t<div class=\"elementor-element elementor-element-4775dad elementor-widget elementor-widget-heading\" data-id=\"4775dad\" data-element_type=\"widget\" data-e-type=\"widget\" data-widget_type=\"heading.default\">\n\t\t\t\t<div class=\"elementor-widget-container\">\n\t\t\t\t\t<h2 class=\"elementor-heading-title elementor-size-default\">Servicio personalizado\n<\/h2>\t\t\t\t<\/div>\n\t\t\t\t<\/div>\n\t\t\t\t<div class=\"elementor-element elementor-element-4ac47bb elementor-widget elementor-widget-text-editor\" data-id=\"4ac47bb\" data-element_type=\"widget\" data-e-type=\"widget\" data-widget_type=\"text-editor.default\">\n\t\t\t\t<div class=\"elementor-widget-container\">\n\t\t\t\t\t\t\t\t\t<div class=\"page-section__generator page-section__generator--top g12-xs g11-md g10-lg g8-xl\"><div class=\"page-generator__text page-generator__text--top js-generator-text\"><div id=\"output\" class=\"page-generator__output js-generator-output\"><p>A trav\u00e9s de nuestra red de proveedores, podemos prestar apoyo sobre el terreno y brindar informaci\u00f3n local en cualquier parte del mundo (por ejemplo, visados, costes de alojamiento, costumbres y cultura locales). Nuestro equipo de operaciones en EE.UU. y nuestros <a href=\"https:\/\/gmsmobility.com\/relocation-technology\/\">sistemas en<\/a> l\u00ednea est\u00e1n disponibles 24 horas al d\u00eda, 7 d\u00edas a la semana. No importa cu\u00e1ndo necesiten asistencia sus trasladados\/asignados u oficinas internacionales, podemos atenderles. El modelo de <a href=\"https:\/\/gmsmobility.com\/services\/\">servicio<\/a> GMS ofrece un \u00fanico punto de coordinaci\u00f3n para todos los componentes del proceso de mudanza. Nuestros asesores de reubicaci\u00f3n poseen una media de 9 a\u00f1os de experiencia en el sector. Han obtenido una satisfacci\u00f3n del cliente superior al 98% en los \u00faltimos 5 a\u00f1os. Por eso nuestros clientes eligen GMS.<\/p><\/div><\/div><\/div>\t\t\t\t\t\t\t\t<\/div>\n\t\t\t\t<\/div>\n\t\t\t\t<div class=\"elementor-element elementor-element-b01d205 elementor-widget elementor-widget-heading\" data-id=\"b01d205\" data-element_type=\"widget\" data-e-type=\"widget\" data-widget_type=\"heading.default\">\n\t\t\t\t<div class=\"elementor-widget-container\">\n\t\t\t\t\t<h2 class=\"elementor-heading-title elementor-size-default\">Programa personalizado y adecuado: Los cinco pilares de la gesti\u00f3n de la movilidad\n<\/h2>\t\t\t\t<\/div>\n\t\t\t\t<\/div>\n\t\t\t\t<div class=\"elementor-element elementor-element-2077302 elementor-widget elementor-widget-text-editor\" data-id=\"2077302\" data-element_type=\"widget\" data-e-type=\"widget\" data-widget_type=\"text-editor.default\">\n\t\t\t\t<div class=\"elementor-widget-container\">\n\t\t\t\t\t\t\t\t\t<div><div><div>Las empresas obtienen los <a href=\"https:\/\/gmsmobility.com\/corporate-relocation\/knowledge-base\/right-fit-program\/\">mejores<\/a> resultados con un programa de deslocalizaci\u00f3n personalizado y <a href=\"https:\/\/vimeo.com\/230956102\/\" target=\"_blank\" rel=\"noopener noreferrer\">adaptado<\/a> a sus necesidades. Los empleados y sus familias esperan una amplia gama de servicios que les ayuden durante su traslado. He aqu\u00ed cinco preguntas que debe plantear a su empresa de gesti\u00f3n de mudanzas para asegurarse de elegir al socio adecuado y recibir un programa personalizado y adecuado:<\/div><\/div><\/div><div>\u00a0<\/div><div>1. \u00bfSe ajusta su programa a nuestras necesidades?<\/div><div>2. \u00bfOfrece su programa de gesti\u00f3n de cuentas y consultor\u00eda de movilidad dedicados?<\/div><div>3. \u00bfExiste un \u00fanico punto de coordinaci\u00f3n?<\/div><div>4. \u00bfProporciona su programa acceso a una red de socios de primera clase?<\/div><div>5. \u00bfQu\u00e9 tecnolog\u00eda global ofrece su programa?<\/div><div>\u00a0<\/div>\t\t\t\t\t\t\t\t<\/div>\n\t\t\t\t<\/div>\n\t\t\t\t<div class=\"elementor-element elementor-element-a160bf5 elementor-widget elementor-widget-video\" data-id=\"a160bf5\" data-element_type=\"widget\" data-e-type=\"widget\" data-settings=\"{&quot;video_type&quot;:&quot;vimeo&quot;}\" data-widget_type=\"video.default\">\n\t\t\t\t<div class=\"elementor-widget-container\">\n\t\t\t\t\t\t\t<div class=\"elementor-wrapper elementor-open-inline\">\n\t\t\t<iframe class=\"elementor-video-iframe\" allowfullscreen allow=\"clipboard-write\" title=\"Reproductor de v\u00eddeo vimeo\" src=\"https:\/\/player.vimeo.com\/video\/230956102?color&amp;autopause=0&amp;loop=0&amp;muted=0&amp;title=1&amp;portrait=1&amp;byline=1#t=\"><\/iframe>\t\t<\/div>\n\t\t\t\t\t\t<\/div>\n\t\t\t\t<\/div>\n\t\t\t\t\t<\/div>\n\t\t<\/div>\n\t\t\t\t\t<\/div>\n\t\t<\/section>\n\t\t\t\t<\/div>\n\t\t","protected":false},"excerpt":{"rendered":"<p>\u00bfPor qu\u00e9 Global Mobility Solutions? Modelo de negocio GMS Los clientes eligen el modelo de negocio de Global Mobility Solutions porque se basa en ofrecer a nuestros clientes y a [&hellip;]<\/p>\n","protected":false},"author":2,"featured_media":0,"parent":0,"menu_order":0,"comment_status":"closed","ping_status":"closed","template":"elementor_header_footer","meta":{"_EventAllDay":false,"_EventTimezone":"","_EventStartDate":"","_EventEndDate":"","_EventStartDateUTC":"","_EventEndDateUTC":"","_EventShowMap":false,"_EventShowMapLink":false,"_EventURL":"","_EventCost":"","_EventCostDescription":"","_EventCurrencySymbol":"","_EventCurrencyCode":"","_EventCurrencyPosition":"","_EventDateTimeSeparator":"","_EventTimeRangeSeparator":"","_EventOrganizerID":[],"_EventVenueID":[],"_OrganizerEmail":"","_OrganizerPhone":"","_OrganizerWebsite":"","_VenueAddress":"","_VenueCity":"","_VenueCountry":"","_VenueProvince":"","_VenueState":"","_VenueZip":"","_VenuePhone":"","_VenueURL":"","_VenueStateProvince":"","_VenueLat":"","_VenueLng":"","_VenueShowMap":false,"_VenueShowMapLink":false,"footnotes":""},"class_list":["post-23781","page","type-page","status-publish","hentry"],"yoast_head":"<!-- This site is optimized with the Yoast SEO plugin v27.2 - https:\/\/yoast.com\/product\/yoast-seo-wordpress\/ -->\n<title>\u00bfPor qu\u00e9 GMS? - Global Mobility Solutions<\/title>\n<meta name=\"description\" content=\"Los clientes eligen el modelo de negocio de Global Mobility Solutions porque se basa en ofrecer a nuestros clientes y a sus trasladados la libertad de elegir.\" \/>\n<meta name=\"robots\" content=\"index, follow, max-snippet:-1, max-image-preview:large, max-video-preview:-1\" \/>\n<link rel=\"canonical\" href=\"https:\/\/gmsmobility.com\/es\/por-que-gms\/\" \/>\n<meta property=\"og:locale\" content=\"es_ES\" \/>\n<meta property=\"og:type\" content=\"article\" \/>\n<meta property=\"og:title\" content=\"\u00bfPor qu\u00e9 GMS? - Global Mobility Solutions\" \/>\n<meta property=\"og:description\" content=\"Los clientes eligen el modelo de negocio de Global Mobility Solutions porque se basa en ofrecer a nuestros clientes y a sus trasladados la libertad de elegir.\" \/>\n<meta property=\"og:url\" content=\"https:\/\/gmsmobility.com\/es\/por-que-gms\/\" \/>\n<meta property=\"og:site_name\" content=\"Global Mobility Solutions\" \/>\n<meta property=\"article:publisher\" content=\"https:\/\/www.facebook.com\/GlobalMobilitySolutions\/\" \/>\n<meta property=\"article:modified_time\" content=\"2026-02-10T19:58:42+00:00\" \/>\n<meta name=\"twitter:card\" content=\"summary_large_image\" \/>\n<meta name=\"twitter:label1\" content=\"Tiempo de lectura\" \/>\n\t<meta name=\"twitter:data1\" content=\"3 minutos\" \/>\n<script type=\"application\/ld+json\" class=\"yoast-schema-graph\">{\"@context\":\"https:\/\/schema.org\",\"@graph\":[{\"@type\":\"WebPage\",\"@id\":\"https:\/\/gmsmobility.com\/es\/por-que-gms\/\",\"url\":\"https:\/\/gmsmobility.com\/es\/por-que-gms\/\",\"name\":\"\u00bfPor qu\u00e9 GMS? - Global Mobility Solutions\",\"isPartOf\":{\"@id\":\"https:\/\/gmsmobility.com\/es\/#website\"},\"datePublished\":\"2020-10-26T20:23:52+00:00\",\"dateModified\":\"2026-02-10T19:58:42+00:00\",\"description\":\"Los clientes eligen el modelo de negocio de Global Mobility Solutions porque se basa en ofrecer a nuestros clientes y a sus trasladados la libertad de elegir.\",\"breadcrumb\":{\"@id\":\"https:\/\/gmsmobility.com\/es\/por-que-gms\/#breadcrumb\"},\"inLanguage\":\"es\",\"potentialAction\":[{\"@type\":\"ReadAction\",\"target\":[\"https:\/\/gmsmobility.com\/es\/por-que-gms\/\"]}]},{\"@type\":\"BreadcrumbList\",\"@id\":\"https:\/\/gmsmobility.com\/es\/por-que-gms\/#breadcrumb\",\"itemListElement\":[{\"@type\":\"ListItem\",\"position\":1,\"name\":\"Home\",\"item\":\"https:\/\/gmsmobility.com\/es\/pagina-de-inicio\/\"},{\"@type\":\"ListItem\",\"position\":2,\"name\":\"\u00bfPor qu\u00e9 GMS?\"}]},{\"@type\":\"WebSite\",\"@id\":\"https:\/\/gmsmobility.com\/es\/#website\",\"url\":\"https:\/\/gmsmobility.com\/es\/\",\"name\":\"Global Mobility Solutions\",\"description\":\"\",\"publisher\":{\"@id\":\"https:\/\/gmsmobility.com\/es\/#organization\"},\"potentialAction\":[{\"@type\":\"SearchAction\",\"target\":{\"@type\":\"EntryPoint\",\"urlTemplate\":\"https:\/\/gmsmobility.com\/es\/?s={search_term_string}\"},\"query-input\":{\"@type\":\"PropertyValueSpecification\",\"valueRequired\":true,\"valueName\":\"search_term_string\"}}],\"inLanguage\":\"es\"},{\"@type\":\"Organization\",\"@id\":\"https:\/\/gmsmobility.com\/es\/#organization\",\"name\":\"Global Mobility Solutions\",\"url\":\"https:\/\/gmsmobility.com\/es\/\",\"logo\":{\"@type\":\"ImageObject\",\"inLanguage\":\"es\",\"@id\":\"https:\/\/gmsmobility.com\/es\/#\/schema\/logo\/image\/\",\"url\":\"https:\/\/gmsmobility.com\/wp-content\/uploads\/2021\/02\/gms-logo.png\",\"contentUrl\":\"https:\/\/gmsmobility.com\/wp-content\/uploads\/2021\/02\/gms-logo.png\",\"width\":270,\"height\":29,\"caption\":\"Global Mobility Solutions\"},\"image\":{\"@id\":\"https:\/\/gmsmobility.com\/es\/#\/schema\/logo\/image\/\"},\"sameAs\":[\"https:\/\/www.facebook.com\/GlobalMobilitySolutions\/\",\"https:\/\/www.linkedin.com\/company\/global-mobility-solutions\"]}]}<\/script>\n<!-- \/ Yoast SEO plugin. -->","yoast_head_json":{"title":"\u00bfPor qu\u00e9 GMS? - Global Mobility Solutions","description":"Los clientes eligen el modelo de negocio de Global Mobility Solutions porque se basa en ofrecer a nuestros clientes y a sus trasladados la libertad de elegir.","robots":{"index":"index","follow":"follow","max-snippet":"max-snippet:-1","max-image-preview":"max-image-preview:large","max-video-preview":"max-video-preview:-1"},"canonical":"https:\/\/gmsmobility.com\/es\/por-que-gms\/","og_locale":"es_ES","og_type":"article","og_title":"\u00bfPor qu\u00e9 GMS? - Global Mobility Solutions","og_description":"Los clientes eligen el modelo de negocio de Global Mobility Solutions porque se basa en ofrecer a nuestros clientes y a sus trasladados la libertad de elegir.","og_url":"https:\/\/gmsmobility.com\/es\/por-que-gms\/","og_site_name":"Global Mobility Solutions","article_publisher":"https:\/\/www.facebook.com\/GlobalMobilitySolutions\/","article_modified_time":"2026-02-10T19:58:42+00:00","twitter_card":"summary_large_image","twitter_misc":{"Tiempo de lectura":"3 minutos"},"schema":{"@context":"https:\/\/schema.org","@graph":[{"@type":"WebPage","@id":"https:\/\/gmsmobility.com\/es\/por-que-gms\/","url":"https:\/\/gmsmobility.com\/es\/por-que-gms\/","name":"\u00bfPor qu\u00e9 GMS? - Global Mobility Solutions","isPartOf":{"@id":"https:\/\/gmsmobility.com\/es\/#website"},"datePublished":"2020-10-26T20:23:52+00:00","dateModified":"2026-02-10T19:58:42+00:00","description":"Los clientes eligen el modelo de negocio de Global Mobility Solutions porque se basa en ofrecer a nuestros clientes y a sus trasladados la libertad de elegir.","breadcrumb":{"@id":"https:\/\/gmsmobility.com\/es\/por-que-gms\/#breadcrumb"},"inLanguage":"es","potentialAction":[{"@type":"ReadAction","target":["https:\/\/gmsmobility.com\/es\/por-que-gms\/"]}]},{"@type":"BreadcrumbList","@id":"https:\/\/gmsmobility.com\/es\/por-que-gms\/#breadcrumb","itemListElement":[{"@type":"ListItem","position":1,"name":"Home","item":"https:\/\/gmsmobility.com\/es\/pagina-de-inicio\/"},{"@type":"ListItem","position":2,"name":"\u00bfPor qu\u00e9 GMS?"}]},{"@type":"WebSite","@id":"https:\/\/gmsmobility.com\/es\/#website","url":"https:\/\/gmsmobility.com\/es\/","name":"Global Mobility Solutions","description":"","publisher":{"@id":"https:\/\/gmsmobility.com\/es\/#organization"},"potentialAction":[{"@type":"SearchAction","target":{"@type":"EntryPoint","urlTemplate":"https:\/\/gmsmobility.com\/es\/?s={search_term_string}"},"query-input":{"@type":"PropertyValueSpecification","valueRequired":true,"valueName":"search_term_string"}}],"inLanguage":"es"},{"@type":"Organization","@id":"https:\/\/gmsmobility.com\/es\/#organization","name":"Global Mobility Solutions","url":"https:\/\/gmsmobility.com\/es\/","logo":{"@type":"ImageObject","inLanguage":"es","@id":"https:\/\/gmsmobility.com\/es\/#\/schema\/logo\/image\/","url":"https:\/\/gmsmobility.com\/wp-content\/uploads\/2021\/02\/gms-logo.png","contentUrl":"https:\/\/gmsmobility.com\/wp-content\/uploads\/2021\/02\/gms-logo.png","width":270,"height":29,"caption":"Global Mobility Solutions"},"image":{"@id":"https:\/\/gmsmobility.com\/es\/#\/schema\/logo\/image\/"},"sameAs":["https:\/\/www.facebook.com\/GlobalMobilitySolutions\/","https:\/\/www.linkedin.com\/company\/global-mobility-solutions"]}]}},"_links":{"self":[{"href":"https:\/\/gmsmobility.com\/es\/wp-json\/wp\/v2\/pages\/23781","targetHints":{"allow":["GET"]}}],"collection":[{"href":"https:\/\/gmsmobility.com\/es\/wp-json\/wp\/v2\/pages"}],"about":[{"href":"https:\/\/gmsmobility.com\/es\/wp-json\/wp\/v2\/types\/page"}],"author":[{"embeddable":true,"href":"https:\/\/gmsmobility.com\/es\/wp-json\/wp\/v2\/users\/2"}],"replies":[{"embeddable":true,"href":"https:\/\/gmsmobility.com\/es\/wp-json\/wp\/v2\/comments?post=23781"}],"version-history":[{"count":0,"href":"https:\/\/gmsmobility.com\/es\/wp-json\/wp\/v2\/pages\/23781\/revisions"}],"wp:attachment":[{"href":"https:\/\/gmsmobility.com\/es\/wp-json\/wp\/v2\/media?parent=23781"}],"curies":[{"name":"wp","href":"https:\/\/api.w.org\/{rel}","templated":true}]}}