{"id":23782,"date":"2020-10-26T13:23:52","date_gmt":"2020-10-26T20:23:52","guid":{"rendered":"https:\/\/gmsmobility.com\/pourquoi-gms\/"},"modified":"2023-11-08T22:51:24","modified_gmt":"2023-11-08T22:51:24","slug":"pourquoi-gms","status":"publish","type":"page","link":"https:\/\/gmsmobility.com\/fr\/pourquoi-gms\/","title":{"rendered":"Pourquoi GMS ?"},"content":{"rendered":"\t\t<div data-elementor-type=\"wp-page\" data-elementor-id=\"23782\" class=\"elementor elementor-23782\" data-elementor-post-type=\"page\">\n\t\t\t\t\t\t<section class=\"has_eae_slider elementor-section elementor-top-section elementor-element elementor-element-371c1004 elementor-section-height-min-height elementor-section-boxed elementor-section-height-default elementor-section-items-middle\" data-eae-slider=\"93558\" data-id=\"371c1004\" data-element_type=\"section\" data-e-type=\"section\" data-settings=\"{&quot;background_background&quot;:&quot;classic&quot;}\">\n\t\t\t\t\t\t\t<div class=\"elementor-background-overlay\"><\/div>\n\t\t\t\t\t\t\t<div class=\"elementor-container elementor-column-gap-default\">\n\t\t\t\t\t<div class=\"has_eae_slider elementor-column elementor-col-100 elementor-top-column elementor-element elementor-element-58290453\" data-eae-slider=\"9745\" data-id=\"58290453\" data-element_type=\"column\" data-e-type=\"column\">\n\t\t\t<div class=\"elementor-widget-wrap elementor-element-populated\">\n\t\t\t\t\t\t<div class=\"elementor-element elementor-element-60936487 elementor-widget elementor-widget-heading\" data-id=\"60936487\" data-element_type=\"widget\" data-e-type=\"widget\" data-widget_type=\"heading.default\">\n\t\t\t\t<div class=\"elementor-widget-container\">\n\t\t\t\t\t<h1 class=\"elementor-heading-title elementor-size-large\">Pourquoi Global Mobility Solutions ?<\/h1>\t\t\t\t<\/div>\n\t\t\t\t<\/div>\n\t\t\t\t\t<\/div>\n\t\t<\/div>\n\t\t\t\t\t<\/div>\n\t\t<\/section>\n\t\t\t\t<section class=\"has_eae_slider elementor-section elementor-top-section elementor-element elementor-element-2d9ab899 elementor-section-height-min-height elementor-section-content-middle elementor-section-boxed elementor-section-height-default elementor-section-items-middle\" data-eae-slider=\"78485\" data-id=\"2d9ab899\" data-element_type=\"section\" data-e-type=\"section\" data-settings=\"{&quot;background_background&quot;:&quot;classic&quot;}\">\n\t\t\t\t\t\t\t<div class=\"elementor-background-overlay\"><\/div>\n\t\t\t\t\t\t\t<div class=\"elementor-container elementor-column-gap-default\">\n\t\t\t\t\t<div class=\"has_eae_slider elementor-column elementor-col-100 elementor-top-column elementor-element elementor-element-de58c98\" data-eae-slider=\"14292\" data-id=\"de58c98\" data-element_type=\"column\" data-e-type=\"column\">\n\t\t\t<div class=\"elementor-widget-wrap elementor-element-populated\">\n\t\t\t\t\t\t<div class=\"elementor-element elementor-element-3e9ff604 elementor-widget elementor-widget-heading\" data-id=\"3e9ff604\" data-element_type=\"widget\" data-e-type=\"widget\" data-widget_type=\"heading.default\">\n\t\t\t\t<div class=\"elementor-widget-container\">\n\t\t\t\t\t<h2 class=\"elementor-heading-title elementor-size-default\">Mod\u00e8le d'entreprise GMS\n<\/h2>\t\t\t\t<\/div>\n\t\t\t\t<\/div>\n\t\t\t\t<div class=\"elementor-element elementor-element-6f2949b9 elementor-widget elementor-widget-text-editor\" data-id=\"6f2949b9\" data-element_type=\"widget\" data-e-type=\"widget\" data-widget_type=\"text-editor.default\">\n\t\t\t\t<div class=\"elementor-widget-container\">\n\t\t\t\t\t\t\t\t\t<div class=\"page-section__generator page-section__generator--top g12-xs g11-md g10-lg g8-xl\">\n<div class=\"page-generator__text page-generator__text--top js-generator-text\">\n<div id=\"output\" class=\"page-generator__output js-generator-output\">\n<p>Les clients choisissent le mod\u00e8le d&rsquo;entreprise de Global Mobility Solutions parce qu&rsquo;il est fond\u00e9 sur la libert\u00e9 de choix offerte \u00e0 nos clients et \u00e0 leurs employ\u00e9s transf\u00e9r\u00e9s. Cela signifie que nos clients ont le choix de travailler avec \u00ab\u00a0le meilleur des meilleurs\u00a0\u00bb fournisseurs de services sur n&rsquo;importe quel march\u00e9 du monde. GMS est en mesure d&rsquo;offrir ce mod\u00e8le unique dans l&rsquo;industrie parce que, contrairement \u00e0 la plupart des entreprises de relocalisation, nous ne sommes pas d\u00e9tenus ou affili\u00e9s \u00e0 une soci\u00e9t\u00e9 <a href=\"https:\/\/gmsmobility.com\/corporate-relocation\/knowledge-base\/best-practice-multiple-bids-mortgage\/\">immobili\u00e8re<\/a>, \u00e0 un fournisseur de <a href=\"https:\/\/gmsmobility.com\/corporate-relocation\/knowledge-base\/relocation-best-practices\/\">biens m\u00e9nagers<\/a> ou \u00e0 un fournisseur de services tiers. GMS a pu \u00e9tablir des relations solides avec les meilleurs fournisseurs du monde entier, qui agissent comme une extension de GMS. Notre <a href=\"https:\/\/gmsmobility.com\/corporate-relocation\/knowledge-base\/global-mobility-solutions-wins-two-mrinetwork-awards\/\">r\u00e9seau<\/a> mondial de partenaires nous permet d&rsquo;\u00eatre flexibles tout en offrant \u00e0 nos clients un consultant en temps r\u00e9el, sur le terrain, pour les aider \u00e0 r\u00e9pondre aux besoins quotidiens de l&rsquo;individu et de la famille qui d\u00e9m\u00e9nagent.<\/p>\n<\/div>\n<\/div>\n<\/div>\n\t\t\t\t\t\t\t\t<\/div>\n\t\t\t\t<\/div>\n\t\t\t\t<div class=\"elementor-element elementor-element-5072fb3 elementor-widget elementor-widget-heading\" data-id=\"5072fb3\" data-element_type=\"widget\" data-e-type=\"widget\" data-widget_type=\"heading.default\">\n\t\t\t\t<div class=\"elementor-widget-container\">\n\t\t\t\t\t<h2 class=\"elementor-heading-title elementor-size-default\">Solutions sur mesure\n<\/h2>\t\t\t\t<\/div>\n\t\t\t\t<\/div>\n\t\t\t\t<div class=\"elementor-element elementor-element-9503dc6 elementor-widget elementor-widget-text-editor\" data-id=\"9503dc6\" data-element_type=\"widget\" data-e-type=\"widget\" data-widget_type=\"text-editor.default\">\n\t\t\t\t<div class=\"elementor-widget-container\">\n\t\t\t\t\t\t\t\t\t<div class=\"page-section__generator page-section__generator--top g12-xs g11-md g10-lg g8-xl\">\n<div class=\"page-generator__text page-generator__text--top js-generator-text\">\n<div id=\"output\" class=\"page-generator__output js-generator-output\">\n<p>Freedom of Choice\u2122 signifie que vous pouvez faire appel aux fournisseurs de notre r\u00e9seau \u00e9tabli ou que nous pouvons nous associer \u00e0 des fournisseurs privil\u00e9gi\u00e9s avec lesquels vous travaillez peut-\u00eatre d\u00e9j\u00e0. GMS offre \u00e0 ses clients des options de service flexibles. Les clients peuvent choisir les services qu&rsquo;ils souhaitent offrir aux employ\u00e9s qui d\u00e9m\u00e9nagent. Cette m\u00e9thode s&rsquo;est av\u00e9r\u00e9e rentable pour les politiques formelles de relocalisation, mais elle permet \u00e9galement aux clients d&rsquo;utiliser les services au cas par cas.<\/p>\n<\/div>\n<\/div>\n<\/div>\n\t\t\t\t\t\t\t\t<\/div>\n\t\t\t\t<\/div>\n\t\t\t\t<div class=\"elementor-element elementor-element-4879bdf elementor-widget elementor-widget-heading\" data-id=\"4879bdf\" data-element_type=\"widget\" data-e-type=\"widget\" data-widget_type=\"heading.default\">\n\t\t\t\t<div class=\"elementor-widget-container\">\n\t\t\t\t\t<h2 class=\"elementor-heading-title elementor-size-default\">\u00c9conomies de co\u00fbts\n<\/h2>\t\t\t\t<\/div>\n\t\t\t\t<\/div>\n\t\t\t\t<div class=\"elementor-element elementor-element-a3d9398 elementor-widget elementor-widget-text-editor\" data-id=\"a3d9398\" data-element_type=\"widget\" data-e-type=\"widget\" data-widget_type=\"text-editor.default\">\n\t\t\t\t<div class=\"elementor-widget-container\">\n\t\t\t\t\t\t\t\t\t<div class=\"page-section__generator page-section__generator--top g12-xs g11-md g10-lg g8-xl\">\n<div class=\"page-generator__text page-generator__text--top js-generator-text\">\n<div id=\"output\" class=\"page-generator__output js-generator-output\">\n<p>GMS est en mesure d&rsquo;offrir \u00e0 ses clients des <a href=\"https:\/\/gmsmobility.com\/corporate-relocation\/knowledge-base\/managing-mobility-costs\/\">\u00e9conomies<\/a> significatives gr\u00e2ce aux relations qu&rsquo;il entretient avec son r\u00e9seau de fournisseurs et \u00e0 son programme de pr\u00e9-d\u00e9cision. En intervenant tr\u00e8s t\u00f4t dans le processus de relocalisation, avant que la d\u00e9cision finale de d\u00e9m\u00e9nager ne soit prise, GMS peut aider ses clients \u00e0 r\u00e9duire le nombre de relocalisations rat\u00e9es, \u00e0 augmenter les taux d&rsquo;acceptation des emplois, \u00e0 fournir un budget pr\u00e9cis \u00e0 partir duquel travailler, \u00e0 \u00e9liminer le risque de non-acceptation par le transf\u00e9r\u00e9\/cessionnaire, \u00e0 d\u00e9couvrir tout probl\u00e8me potentiel li\u00e9 \u00e0 la vente du logement, \u00e0 rationaliser les voyages de recherche de logement et \u00e0 minimiser les exceptions \u00e0 la police d&rsquo;assurance.<\/p>\n<\/div>\n<\/div>\n<\/div>\n\t\t\t\t\t\t\t\t<\/div>\n\t\t\t\t<\/div>\n\t\t\t\t<div class=\"elementor-element elementor-element-4775dad elementor-widget elementor-widget-heading\" data-id=\"4775dad\" data-element_type=\"widget\" data-e-type=\"widget\" data-widget_type=\"heading.default\">\n\t\t\t\t<div class=\"elementor-widget-container\">\n\t\t\t\t\t<h2 class=\"elementor-heading-title elementor-size-default\">Service personnalis\u00e9\n<\/h2>\t\t\t\t<\/div>\n\t\t\t\t<\/div>\n\t\t\t\t<div class=\"elementor-element elementor-element-4ac47bb elementor-widget elementor-widget-text-editor\" data-id=\"4ac47bb\" data-element_type=\"widget\" data-e-type=\"widget\" data-widget_type=\"text-editor.default\">\n\t\t\t\t<div class=\"elementor-widget-container\">\n\t\t\t\t\t\t\t\t\t<div class=\"page-section__generator page-section__generator--top g12-xs g11-md g10-lg g8-xl\">\n<div class=\"page-generator__text page-generator__text--top js-generator-text\">\n<div id=\"output\" class=\"page-generator__output js-generator-output\">\n<p>Gr\u00e2ce \u00e0 notre r\u00e9seau de fournisseurs, nous sommes en mesure d&rsquo;apporter une assistance sur le terrain et de fournir des informations locales partout dans le monde (visas, co\u00fbt du logement, coutumes et culture locales). Notre \u00e9quipe op\u00e9rationnelle bas\u00e9e aux \u00c9tats-Unis et nos <a href=\"https:\/\/gmsmobility.com\/relocation-technology\/\">syst\u00e8mes en ligne<\/a> sont disponibles 24 heures sur 24 et 7 jours sur 7. Quel que soit le moment o\u00f9 vos transf\u00e9r\u00e9s\/assign\u00e9s ou vos bureaux internationaux ont besoin d&rsquo;assistance, nous pouvons les aider. Le mod\u00e8le de <a href=\"https:\/\/gmsmobility.com\/services\/\">service<\/a> GMS offre un point de coordination unique pour toutes les composantes du processus de d\u00e9m\u00e9nagement. Nos coaches en relocalisation poss\u00e8dent en moyenne 9 ans d&rsquo;exp\u00e9rience dans le secteur. Ils ont obtenu un taux de satisfaction de la client\u00e8le sup\u00e9rieur \u00e0 98 % au cours des cinq derni\u00e8res ann\u00e9es. C&rsquo;est pourquoi nos clients choisissent GMS.<\/p>\n<\/div>\n<\/div>\n<\/div>\n\t\t\t\t\t\t\t\t<\/div>\n\t\t\t\t<\/div>\n\t\t\t\t<div class=\"elementor-element elementor-element-b01d205 elementor-widget elementor-widget-heading\" data-id=\"b01d205\" data-element_type=\"widget\" data-e-type=\"widget\" data-widget_type=\"heading.default\">\n\t\t\t\t<div class=\"elementor-widget-container\">\n\t\t\t\t\t<h2 class=\"elementor-heading-title elementor-size-default\">Un programme personnalis\u00e9 et adapt\u00e9 : Les cinq piliers de la gestion de la mobilit\u00e9\n<\/h2>\t\t\t\t<\/div>\n\t\t\t\t<\/div>\n\t\t\t\t<div class=\"elementor-element elementor-element-2077302 elementor-widget elementor-widget-text-editor\" data-id=\"2077302\" data-element_type=\"widget\" data-e-type=\"widget\" data-widget_type=\"text-editor.default\">\n\t\t\t\t<div class=\"elementor-widget-container\">\n\t\t\t\t\t\t\t\t\t<div>\n<div>\n<div>Les entreprises obtiennent les meilleurs <a href=\"https:\/\/gmsmobility.com\/corporate-relocation\/knowledge-base\/right-fit-program\/\">r\u00e9sultats<\/a> avec un programme de relocalisation personnalis\u00e9 et <a href=\"https:\/\/vimeo.com\/230956102\/\" target=\"_blank\" rel=\"noopener noreferrer\">adapt\u00e9<\/a>, sp\u00e9cialement con\u00e7u pour r\u00e9pondre \u00e0 leurs besoins sp\u00e9cifiques. Les salari\u00e9s et leurs familles attendent un large \u00e9ventail de services pour les aider dans leur processus de relocalisation. Voici cinq questions que vous devriez poser \u00e0 votre soci\u00e9t\u00e9 de gestion des d\u00e9m\u00e9nagements pour vous assurer de choisir le bon partenaire et de b\u00e9n\u00e9ficier d&rsquo;un programme personnalis\u00e9 et adapt\u00e9 :<\/div>\n<\/div>\n<\/div>\n<div> <\/div>\n<div>1. Votre programme correspond-il \u00e0 nos besoins ?<\/div>\n<div>2. Votre programme propose-t-il une gestion de compte d\u00e9di\u00e9e et des conseils en mati\u00e8re de mobilit\u00e9 ?<\/div>\n<div>3. Existe-t-il un point de coordination unique ?<\/div>\n<div>4. Votre programme donne-t-il acc\u00e8s \u00e0 un r\u00e9seau de partenaires de classe mondiale ?<\/div>\n<div>5. Quelle technologie globale votre programme propose-t-il ?<\/div>\n<div> <\/div>\n\t\t\t\t\t\t\t\t<\/div>\n\t\t\t\t<\/div>\n\t\t\t\t<div class=\"elementor-element elementor-element-a160bf5 elementor-widget elementor-widget-video\" data-id=\"a160bf5\" data-element_type=\"widget\" data-e-type=\"widget\" data-settings=\"{&quot;video_type&quot;:&quot;vimeo&quot;}\" data-widget_type=\"video.default\">\n\t\t\t\t<div class=\"elementor-widget-container\">\n\t\t\t\t\t\t\t<div class=\"elementor-wrapper elementor-open-inline\">\n\t\t\t<iframe class=\"elementor-video-iframe\" allowfullscreen allow=\"clipboard-write\" title=\"Lecteur vid\u00e9o vimeo\" src=\"https:\/\/player.vimeo.com\/video\/230956102?color&amp;autopause=0&amp;loop=0&amp;muted=0&amp;title=1&amp;portrait=1&amp;byline=1#t=\"><\/iframe>\t\t<\/div>\n\t\t\t\t\t\t<\/div>\n\t\t\t\t<\/div>\n\t\t\t\t\t<\/div>\n\t\t<\/div>\n\t\t\t\t\t<\/div>\n\t\t<\/section>\n\t\t\t\t<\/div>\n\t\t","protected":false},"excerpt":{"rendered":"<p>Pourquoi Global Mobility Solutions ? Mod\u00e8le d&rsquo;entreprise GMS Les clients choisissent le mod\u00e8le d&rsquo;entreprise de Global Mobility Solutions parce qu&rsquo;il est fond\u00e9 sur la libert\u00e9 de choix offerte \u00e0 nos [&hellip;]<\/p>\n","protected":false},"author":2,"featured_media":0,"parent":0,"menu_order":0,"comment_status":"closed","ping_status":"closed","template":"elementor_header_footer","meta":{"_EventAllDay":false,"_EventTimezone":"","_EventStartDate":"","_EventEndDate":"","_EventStartDateUTC":"","_EventEndDateUTC":"","_EventShowMap":false,"_EventShowMapLink":false,"_EventURL":"","_EventCost":"","_EventCostDescription":"","_EventCurrencySymbol":"","_EventCurrencyCode":"","_EventCurrencyPosition":"","_EventDateTimeSeparator":"","_EventTimeRangeSeparator":"","_EventOrganizerID":[],"_EventVenueID":[],"_OrganizerEmail":"","_OrganizerPhone":"","_OrganizerWebsite":"","_VenueAddress":"","_VenueCity":"","_VenueCountry":"","_VenueProvince":"","_VenueState":"","_VenueZip":"","_VenuePhone":"","_VenueURL":"","_VenueStateProvince":"","_VenueLat":"","_VenueLng":"","_VenueShowMap":false,"_VenueShowMapLink":false,"footnotes":""},"class_list":["post-23782","page","type-page","status-publish","hentry"],"yoast_head":"<!-- This site is optimized with the Yoast SEO plugin v27.4 - https:\/\/yoast.com\/product\/yoast-seo-wordpress\/ -->\n<title>Pourquoi GMS ? - Global Mobility Solutions<\/title>\n<meta name=\"description\" content=\"Les clients choisissent le mod\u00e8le d&#039;entreprise de Global Mobility Solutions parce qu&#039;il est fond\u00e9 sur la libert\u00e9 de choix offerte \u00e0 nos clients et \u00e0 leurs employ\u00e9s transf\u00e9r\u00e9s.\" \/>\n<meta name=\"robots\" content=\"index, follow, max-snippet:-1, max-image-preview:large, max-video-preview:-1\" \/>\n<link rel=\"canonical\" href=\"https:\/\/gmsmobility.com\/fr\/pourquoi-gms\/\" \/>\n<meta property=\"og:locale\" content=\"fr_FR\" \/>\n<meta property=\"og:type\" content=\"article\" \/>\n<meta property=\"og:title\" content=\"Pourquoi GMS ? - Global Mobility Solutions\" \/>\n<meta property=\"og:description\" content=\"Les clients choisissent le mod\u00e8le d&#039;entreprise de Global Mobility Solutions parce qu&#039;il est fond\u00e9 sur la libert\u00e9 de choix offerte \u00e0 nos clients et \u00e0 leurs employ\u00e9s transf\u00e9r\u00e9s.\" \/>\n<meta property=\"og:url\" content=\"https:\/\/gmsmobility.com\/fr\/pourquoi-gms\/\" \/>\n<meta property=\"og:site_name\" content=\"Global Mobility Solutions\" \/>\n<meta property=\"article:publisher\" content=\"https:\/\/www.facebook.com\/GlobalMobilitySolutions\/\" \/>\n<meta property=\"article:modified_time\" content=\"2023-11-08T22:51:24+00:00\" \/>\n<meta name=\"twitter:card\" content=\"summary_large_image\" \/>\n<meta name=\"twitter:label1\" content=\"Dur\u00e9e de lecture estim\u00e9e\" \/>\n\t<meta name=\"twitter:data1\" content=\"3 minutes\" \/>\n<script type=\"application\/ld+json\" class=\"yoast-schema-graph\">{\"@context\":\"https:\\\/\\\/schema.org\",\"@graph\":[{\"@type\":\"WebPage\",\"@id\":\"https:\\\/\\\/gmsmobility.com\\\/fr\\\/pourquoi-gms\\\/\",\"url\":\"https:\\\/\\\/gmsmobility.com\\\/fr\\\/pourquoi-gms\\\/\",\"name\":\"Pourquoi GMS ? - Global Mobility Solutions\",\"isPartOf\":{\"@id\":\"https:\\\/\\\/gmsmobility.com\\\/fr\\\/#website\"},\"datePublished\":\"2020-10-26T20:23:52+00:00\",\"dateModified\":\"2023-11-08T22:51:24+00:00\",\"description\":\"Les clients choisissent le mod\u00e8le d'entreprise de Global Mobility Solutions parce qu'il est fond\u00e9 sur la libert\u00e9 de choix offerte \u00e0 nos clients et \u00e0 leurs employ\u00e9s transf\u00e9r\u00e9s.\",\"breadcrumb\":{\"@id\":\"https:\\\/\\\/gmsmobility.com\\\/fr\\\/pourquoi-gms\\\/#breadcrumb\"},\"inLanguage\":\"fr-FR\",\"potentialAction\":[{\"@type\":\"ReadAction\",\"target\":[\"https:\\\/\\\/gmsmobility.com\\\/fr\\\/pourquoi-gms\\\/\"]}]},{\"@type\":\"BreadcrumbList\",\"@id\":\"https:\\\/\\\/gmsmobility.com\\\/fr\\\/pourquoi-gms\\\/#breadcrumb\",\"itemListElement\":[{\"@type\":\"ListItem\",\"position\":1,\"name\":\"Home\",\"item\":\"https:\\\/\\\/gmsmobility.com\\\/fr\\\/page-daccueil\\\/\"},{\"@type\":\"ListItem\",\"position\":2,\"name\":\"Pourquoi GMS ?\"}]},{\"@type\":\"WebSite\",\"@id\":\"https:\\\/\\\/gmsmobility.com\\\/fr\\\/#website\",\"url\":\"https:\\\/\\\/gmsmobility.com\\\/fr\\\/\",\"name\":\"Global Mobility Solutions\",\"description\":\"\",\"publisher\":{\"@id\":\"https:\\\/\\\/gmsmobility.com\\\/fr\\\/#organization\"},\"potentialAction\":[{\"@type\":\"SearchAction\",\"target\":{\"@type\":\"EntryPoint\",\"urlTemplate\":\"https:\\\/\\\/gmsmobility.com\\\/fr\\\/?s={search_term_string}\"},\"query-input\":{\"@type\":\"PropertyValueSpecification\",\"valueRequired\":true,\"valueName\":\"search_term_string\"}}],\"inLanguage\":\"fr-FR\"},{\"@type\":\"Organization\",\"@id\":\"https:\\\/\\\/gmsmobility.com\\\/fr\\\/#organization\",\"name\":\"Global Mobility Solutions\",\"url\":\"https:\\\/\\\/gmsmobility.com\\\/fr\\\/\",\"logo\":{\"@type\":\"ImageObject\",\"inLanguage\":\"fr-FR\",\"@id\":\"https:\\\/\\\/gmsmobility.com\\\/fr\\\/#\\\/schema\\\/logo\\\/image\\\/\",\"url\":\"https:\\\/\\\/gmsmobility.com\\\/wp-content\\\/uploads\\\/2021\\\/02\\\/gms-logo.png\",\"contentUrl\":\"https:\\\/\\\/gmsmobility.com\\\/wp-content\\\/uploads\\\/2021\\\/02\\\/gms-logo.png\",\"width\":270,\"height\":29,\"caption\":\"Global Mobility Solutions\"},\"image\":{\"@id\":\"https:\\\/\\\/gmsmobility.com\\\/fr\\\/#\\\/schema\\\/logo\\\/image\\\/\"},\"sameAs\":[\"https:\\\/\\\/www.facebook.com\\\/GlobalMobilitySolutions\\\/\",\"https:\\\/\\\/www.linkedin.com\\\/company\\\/global-mobility-solutions\"]}]}<\/script>\n<!-- \/ Yoast SEO plugin. -->","yoast_head_json":{"title":"Pourquoi GMS ? - Global Mobility Solutions","description":"Les clients choisissent le mod\u00e8le d'entreprise de Global Mobility Solutions parce qu'il est fond\u00e9 sur la libert\u00e9 de choix offerte \u00e0 nos clients et \u00e0 leurs employ\u00e9s transf\u00e9r\u00e9s.","robots":{"index":"index","follow":"follow","max-snippet":"max-snippet:-1","max-image-preview":"max-image-preview:large","max-video-preview":"max-video-preview:-1"},"canonical":"https:\/\/gmsmobility.com\/fr\/pourquoi-gms\/","og_locale":"fr_FR","og_type":"article","og_title":"Pourquoi GMS ? - Global Mobility Solutions","og_description":"Les clients choisissent le mod\u00e8le d'entreprise de Global Mobility Solutions parce qu'il est fond\u00e9 sur la libert\u00e9 de choix offerte \u00e0 nos clients et \u00e0 leurs employ\u00e9s transf\u00e9r\u00e9s.","og_url":"https:\/\/gmsmobility.com\/fr\/pourquoi-gms\/","og_site_name":"Global Mobility Solutions","article_publisher":"https:\/\/www.facebook.com\/GlobalMobilitySolutions\/","article_modified_time":"2023-11-08T22:51:24+00:00","twitter_card":"summary_large_image","twitter_misc":{"Dur\u00e9e de lecture estim\u00e9e":"3 minutes"},"schema":{"@context":"https:\/\/schema.org","@graph":[{"@type":"WebPage","@id":"https:\/\/gmsmobility.com\/fr\/pourquoi-gms\/","url":"https:\/\/gmsmobility.com\/fr\/pourquoi-gms\/","name":"Pourquoi GMS ? - Global Mobility Solutions","isPartOf":{"@id":"https:\/\/gmsmobility.com\/fr\/#website"},"datePublished":"2020-10-26T20:23:52+00:00","dateModified":"2023-11-08T22:51:24+00:00","description":"Les clients choisissent le mod\u00e8le d'entreprise de Global Mobility Solutions parce qu'il est fond\u00e9 sur la libert\u00e9 de choix offerte \u00e0 nos clients et \u00e0 leurs employ\u00e9s transf\u00e9r\u00e9s.","breadcrumb":{"@id":"https:\/\/gmsmobility.com\/fr\/pourquoi-gms\/#breadcrumb"},"inLanguage":"fr-FR","potentialAction":[{"@type":"ReadAction","target":["https:\/\/gmsmobility.com\/fr\/pourquoi-gms\/"]}]},{"@type":"BreadcrumbList","@id":"https:\/\/gmsmobility.com\/fr\/pourquoi-gms\/#breadcrumb","itemListElement":[{"@type":"ListItem","position":1,"name":"Home","item":"https:\/\/gmsmobility.com\/fr\/page-daccueil\/"},{"@type":"ListItem","position":2,"name":"Pourquoi GMS ?"}]},{"@type":"WebSite","@id":"https:\/\/gmsmobility.com\/fr\/#website","url":"https:\/\/gmsmobility.com\/fr\/","name":"Global Mobility Solutions","description":"","publisher":{"@id":"https:\/\/gmsmobility.com\/fr\/#organization"},"potentialAction":[{"@type":"SearchAction","target":{"@type":"EntryPoint","urlTemplate":"https:\/\/gmsmobility.com\/fr\/?s={search_term_string}"},"query-input":{"@type":"PropertyValueSpecification","valueRequired":true,"valueName":"search_term_string"}}],"inLanguage":"fr-FR"},{"@type":"Organization","@id":"https:\/\/gmsmobility.com\/fr\/#organization","name":"Global Mobility Solutions","url":"https:\/\/gmsmobility.com\/fr\/","logo":{"@type":"ImageObject","inLanguage":"fr-FR","@id":"https:\/\/gmsmobility.com\/fr\/#\/schema\/logo\/image\/","url":"https:\/\/gmsmobility.com\/wp-content\/uploads\/2021\/02\/gms-logo.png","contentUrl":"https:\/\/gmsmobility.com\/wp-content\/uploads\/2021\/02\/gms-logo.png","width":270,"height":29,"caption":"Global Mobility Solutions"},"image":{"@id":"https:\/\/gmsmobility.com\/fr\/#\/schema\/logo\/image\/"},"sameAs":["https:\/\/www.facebook.com\/GlobalMobilitySolutions\/","https:\/\/www.linkedin.com\/company\/global-mobility-solutions"]}]}},"_links":{"self":[{"href":"https:\/\/gmsmobility.com\/fr\/wp-json\/wp\/v2\/pages\/23782","targetHints":{"allow":["GET"]}}],"collection":[{"href":"https:\/\/gmsmobility.com\/fr\/wp-json\/wp\/v2\/pages"}],"about":[{"href":"https:\/\/gmsmobility.com\/fr\/wp-json\/wp\/v2\/types\/page"}],"author":[{"embeddable":true,"href":"https:\/\/gmsmobility.com\/fr\/wp-json\/wp\/v2\/users\/2"}],"replies":[{"embeddable":true,"href":"https:\/\/gmsmobility.com\/fr\/wp-json\/wp\/v2\/comments?post=23782"}],"version-history":[{"count":0,"href":"https:\/\/gmsmobility.com\/fr\/wp-json\/wp\/v2\/pages\/23782\/revisions"}],"wp:attachment":[{"href":"https:\/\/gmsmobility.com\/fr\/wp-json\/wp\/v2\/media?parent=23782"}],"curies":[{"name":"wp","href":"https:\/\/api.w.org\/{rel}","templated":true}]}}